{"id":4507,"date":"2019-09-26T15:15:02","date_gmt":"2019-09-26T12:15:02","guid":{"rendered":"https:\/\/www.opdresraaydin.com\/?page_id=4507"},"modified":"2023-09-28T13:52:32","modified_gmt":"2023-09-28T10:52:32","slug":"mesotherapy","status":"publish","type":"page","link":"https:\/\/www.opdresraaydin.com\/en\/mesotherapy\/","title":{"rendered":"Mesotherapy"},"content":{"rendered":"<p>[vc_row][vc_column width=&#8221;1\/2&#8243;][vc_wp_text]<\/p>\n<h2><a href=\"https:\/\/www.opdresraaydin.com\/mezoterapi-nedir\/\">Mesotherapy<\/a><\/h2>\n<h2><a title=\"G\u00f6z \u00c7evresi Morluklar\u0131\" href=\"https:\/\/www.opdresraaydin.com\/goz-kapagi-morluklari-nedenleri-ve-cozum-onerileri\/\">Dark Circles Around the Eyes<\/a><\/h2>\n<p>[\/vc_wp_text][vc_column width=&#8221;1\/2&#8243;][vc_single_image image=&#8221;4366&#8243; img_size=&#8221;large&#8221;][\/vc_column][\/vc_row]<\/p>\n","protected":false},"excerpt":{"rendered":"<p>[vc_row][vc_column width=&#8221;1\/2&#8243;][vc_wp_text] Mesotherapy Dark Circles Around the Eyes [\/vc_wp_text][vc_column width=&#8221;1\/2&#8243;][vc_single_image image=&#8221;4366&#8243; img_size=&#8221;large&#8221;][\/vc_column][\/vc_row]<\/p>\n","protected":false},"author":1,"featured_media":0,"parent":0,"menu_order":0,"comment_status":"closed","ping_status":"closed","template":"","meta":{"footnotes":"","_joinchat":[]},"yoast_head":"<!-- This site is optimized with the Yoast SEO plugin v21.2 - https:\/\/yoast.com\/wordpress\/plugins\/seo\/ -->\n<title>Mesotherapy - Op. Dr. Esra Ayd\u0131n<\/title>\n<meta name=\"robots\" content=\"index, follow, max-snippet:-1, max-image-preview:large, max-video-preview:-1\" \/>\n<link rel=\"canonical\" href=\"https:\/\/www.opdresraaydin.com\/en\/mesotherapy\/\" \/>\n<meta property=\"og:locale\" content=\"en_US\" \/>\n<meta property=\"og:type\" content=\"article\" \/>\n<meta property=\"og:title\" content=\"Mesotherapy - Op. Dr. Esra Ayd\u0131n\" \/>\n<meta property=\"og:description\" content=\"[vc_row][vc_column width=&#8221;1\/2&#8243;][vc_wp_text] Mesotherapy Dark Circles Around the Eyes [\/vc_wp_text][vc_column width=&#8221;1\/2&#8243;][vc_single_image image=&#8221;4366&#8243; img_size=&#8221;large&#8221;][\/vc_column][\/vc_row]\" \/>\n<meta property=\"og:url\" content=\"https:\/\/www.opdresraaydin.com\/en\/mesotherapy\/\" \/>\n<meta property=\"og:site_name\" content=\"Op. Dr. Esra Ayd\u0131n\" \/>\n<meta property=\"article:modified_time\" content=\"2023-09-28T10:52:32+00:00\" \/>\n<meta name=\"twitter:card\" content=\"summary_large_image\" \/>\n<meta name=\"twitter:label1\" content=\"Est. reading time\" \/>\n\t<meta name=\"twitter:data1\" content=\"1 minute\" \/>\n<script type=\"application\/ld+json\" class=\"yoast-schema-graph\">{\"@context\":\"https:\/\/schema.org\",\"@graph\":[{\"@type\":\"WebPage\",\"@id\":\"https:\/\/www.opdresraaydin.com\/en\/mesotherapy\/\",\"url\":\"https:\/\/www.opdresraaydin.com\/en\/mesotherapy\/\",\"name\":\"Mesotherapy - Op. Dr. Esra Ayd\u0131n\",\"isPartOf\":{\"@id\":\"https:\/\/www.opdresraaydin.com\/#website\"},\"datePublished\":\"2019-09-26T12:15:02+00:00\",\"dateModified\":\"2023-09-28T10:52:32+00:00\",\"breadcrumb\":{\"@id\":\"https:\/\/www.opdresraaydin.com\/en\/mesotherapy\/#breadcrumb\"},\"inLanguage\":\"en-US\",\"potentialAction\":[{\"@type\":\"ReadAction\",\"target\":[\"https:\/\/www.opdresraaydin.com\/en\/mesotherapy\/\"]}]},{\"@type\":\"BreadcrumbList\",\"@id\":\"https:\/\/www.opdresraaydin.com\/en\/mesotherapy\/#breadcrumb\",\"itemListElement\":[{\"@type\":\"ListItem\",\"position\":1,\"name\":\"Ana sayfa\",\"item\":\"https:\/\/www.opdresraaydin.com\/en\/\"},{\"@type\":\"ListItem\",\"position\":2,\"name\":\"Mesotherapy\"}]},{\"@type\":\"WebSite\",\"@id\":\"https:\/\/www.opdresraaydin.com\/#website\",\"url\":\"https:\/\/www.opdresraaydin.com\/\",\"name\":\"Operat\u00f6r Doktor Ali Ayd\u0131n\",\"description\":\"\",\"publisher\":{\"@id\":\"https:\/\/www.opdresraaydin.com\/#organization\"},\"potentialAction\":[{\"@type\":\"SearchAction\",\"target\":{\"@type\":\"EntryPoint\",\"urlTemplate\":\"https:\/\/www.opdresraaydin.com\/?s={search_term_string}\"},\"query-input\":\"required name=search_term_string\"}],\"inLanguage\":\"en-US\"},{\"@type\":\"Organization\",\"@id\":\"https:\/\/www.opdresraaydin.com\/#organization\",\"name\":\"Op. Dr. Ali AYDIN\",\"url\":\"https:\/\/www.opdresraaydin.com\/\",\"logo\":{\"@type\":\"ImageObject\",\"inLanguage\":\"en-US\",\"@id\":\"https:\/\/www.opdresraaydin.com\/#\/schema\/logo\/image\/\",\"url\":\"https:\/\/www.opdresraaydin.com\/wp-content\/uploads\/2019\/05\/op-dr-logo-1.png\",\"contentUrl\":\"https:\/\/www.opdresraaydin.com\/wp-content\/uploads\/2019\/05\/op-dr-logo-1.png\",\"width\":384,\"height\":100,\"caption\":\"Op. Dr. Ali AYDIN\"},\"image\":{\"@id\":\"https:\/\/www.opdresraaydin.com\/#\/schema\/logo\/image\/\"}}]}<\/script>\n<!-- \/ Yoast SEO plugin. -->","yoast_head_json":{"title":"Mesotherapy - Op. Dr. Esra Ayd\u0131n","robots":{"index":"index","follow":"follow","max-snippet":"max-snippet:-1","max-image-preview":"max-image-preview:large","max-video-preview":"max-video-preview:-1"},"canonical":"https:\/\/www.opdresraaydin.com\/en\/mesotherapy\/","og_locale":"en_US","og_type":"article","og_title":"Mesotherapy - Op. Dr. Esra Ayd\u0131n","og_description":"[vc_row][vc_column width=&#8221;1\/2&#8243;][vc_wp_text] Mesotherapy Dark Circles Around the Eyes [\/vc_wp_text][vc_column width=&#8221;1\/2&#8243;][vc_single_image image=&#8221;4366&#8243; img_size=&#8221;large&#8221;][\/vc_column][\/vc_row]","og_url":"https:\/\/www.opdresraaydin.com\/en\/mesotherapy\/","og_site_name":"Op. Dr. Esra Ayd\u0131n","article_modified_time":"2023-09-28T10:52:32+00:00","twitter_card":"summary_large_image","twitter_misc":{"Est. reading time":"1 minute"},"schema":{"@context":"https:\/\/schema.org","@graph":[{"@type":"WebPage","@id":"https:\/\/www.opdresraaydin.com\/en\/mesotherapy\/","url":"https:\/\/www.opdresraaydin.com\/en\/mesotherapy\/","name":"Mesotherapy - Op. Dr. Esra Ayd\u0131n","isPartOf":{"@id":"https:\/\/www.opdresraaydin.com\/#website"},"datePublished":"2019-09-26T12:15:02+00:00","dateModified":"2023-09-28T10:52:32+00:00","breadcrumb":{"@id":"https:\/\/www.opdresraaydin.com\/en\/mesotherapy\/#breadcrumb"},"inLanguage":"en-US","potentialAction":[{"@type":"ReadAction","target":["https:\/\/www.opdresraaydin.com\/en\/mesotherapy\/"]}]},{"@type":"BreadcrumbList","@id":"https:\/\/www.opdresraaydin.com\/en\/mesotherapy\/#breadcrumb","itemListElement":[{"@type":"ListItem","position":1,"name":"Ana sayfa","item":"https:\/\/www.opdresraaydin.com\/en\/"},{"@type":"ListItem","position":2,"name":"Mesotherapy"}]},{"@type":"WebSite","@id":"https:\/\/www.opdresraaydin.com\/#website","url":"https:\/\/www.opdresraaydin.com\/","name":"Operat\u00f6r Doktor Ali Ayd\u0131n","description":"","publisher":{"@id":"https:\/\/www.opdresraaydin.com\/#organization"},"potentialAction":[{"@type":"SearchAction","target":{"@type":"EntryPoint","urlTemplate":"https:\/\/www.opdresraaydin.com\/?s={search_term_string}"},"query-input":"required name=search_term_string"}],"inLanguage":"en-US"},{"@type":"Organization","@id":"https:\/\/www.opdresraaydin.com\/#organization","name":"Op. Dr. Ali AYDIN","url":"https:\/\/www.opdresraaydin.com\/","logo":{"@type":"ImageObject","inLanguage":"en-US","@id":"https:\/\/www.opdresraaydin.com\/#\/schema\/logo\/image\/","url":"https:\/\/www.opdresraaydin.com\/wp-content\/uploads\/2019\/05\/op-dr-logo-1.png","contentUrl":"https:\/\/www.opdresraaydin.com\/wp-content\/uploads\/2019\/05\/op-dr-logo-1.png","width":384,"height":100,"caption":"Op. Dr. Ali AYDIN"},"image":{"@id":"https:\/\/www.opdresraaydin.com\/#\/schema\/logo\/image\/"}}]}},"_links":{"self":[{"href":"https:\/\/www.opdresraaydin.com\/en\/wp-json\/wp\/v2\/pages\/4507"}],"collection":[{"href":"https:\/\/www.opdresraaydin.com\/en\/wp-json\/wp\/v2\/pages"}],"about":[{"href":"https:\/\/www.opdresraaydin.com\/en\/wp-json\/wp\/v2\/types\/page"}],"author":[{"embeddable":true,"href":"https:\/\/www.opdresraaydin.com\/en\/wp-json\/wp\/v2\/users\/1"}],"replies":[{"embeddable":true,"href":"https:\/\/www.opdresraaydin.com\/en\/wp-json\/wp\/v2\/comments?post=4507"}],"version-history":[{"count":3,"href":"https:\/\/www.opdresraaydin.com\/en\/wp-json\/wp\/v2\/pages\/4507\/revisions"}],"predecessor-version":[{"id":4559,"href":"https:\/\/www.opdresraaydin.com\/en\/wp-json\/wp\/v2\/pages\/4507\/revisions\/4559"}],"wp:attachment":[{"href":"https:\/\/www.opdresraaydin.com\/en\/wp-json\/wp\/v2\/media?parent=4507"}],"curies":[{"name":"wp","href":"https:\/\/api.w.org\/{rel}","templated":true}]}}