{"id":4096,"date":"2019-06-25T14:11:07","date_gmt":"2019-06-25T11:11:07","guid":{"rendered":"https:\/\/www.opdraliaydin.com\/?page_id=4096"},"modified":"2023-09-28T14:06:16","modified_gmt":"2023-09-28T11:06:16","slug":"about-me","status":"publish","type":"page","link":"https:\/\/www.opdresraaydin.com\/en\/about-me\/","title":{"rendered":"About Me"},"content":{"rendered":"<p><strong>Education<\/strong><\/p>\n<p>1995-2002 Istanbul University Cerrahpa\u015fa Faculty of Medicine<br \/>\n2002-2008 I.U. Cerrahpa\u015fa Faculty of Medicine Ophthalmology Clinic Ophthalmology<br \/>\n2008-2015 Beykoz State Hospital Ophthalmology, Eye and Eyelid Surgery<br \/>\n2017 &#8211; Istanbul Medipol University Mesotherapy Training<br \/>\n2016 &#8211; Eyelid Surgery and Mesotherapy Applications<\/p>\n","protected":false},"excerpt":{"rendered":"<p>Education 1995-2002 Istanbul University Cerrahpa\u015fa Faculty of Medicine 2002-2008 I.U. Cerrahpa\u015fa Faculty of Medicine Ophthalmology Clinic Ophthalmology 2008-2015 Beykoz State Hospital Ophthalmology, Eye and Eyelid Surgery 2017 &#8211; Istanbul Medipol University Mesotherapy Training 2016 &#8211; Eyelid Surgery and Mesotherapy Applications<\/p>\n","protected":false},"author":1,"featured_media":0,"parent":0,"menu_order":0,"comment_status":"closed","ping_status":"closed","template":"","meta":{"footnotes":"","_joinchat":[]},"yoast_head":"<!-- This site is optimized with the Yoast SEO plugin v21.2 - https:\/\/yoast.com\/wordpress\/plugins\/seo\/ -->\n<title>About Me - Op. Dr. Esra Ayd\u0131n<\/title>\n<meta name=\"robots\" content=\"index, follow, max-snippet:-1, max-image-preview:large, max-video-preview:-1\" \/>\n<link rel=\"canonical\" href=\"https:\/\/www.opdresraaydin.com\/en\/about-me\/\" \/>\n<meta property=\"og:locale\" content=\"en_US\" \/>\n<meta property=\"og:type\" content=\"article\" \/>\n<meta property=\"og:title\" content=\"About Me - Op. Dr. Esra Ayd\u0131n\" \/>\n<meta property=\"og:description\" content=\"Education 1995-2002 Istanbul University Cerrahpa\u015fa Faculty of Medicine 2002-2008 I.U. Cerrahpa\u015fa Faculty of Medicine Ophthalmology Clinic Ophthalmology 2008-2015 Beykoz State Hospital Ophthalmology, Eye and Eyelid Surgery 2017 &#8211; Istanbul Medipol University Mesotherapy Training 2016 &#8211; Eyelid Surgery and Mesotherapy Applications\" \/>\n<meta property=\"og:url\" content=\"https:\/\/www.opdresraaydin.com\/en\/about-me\/\" \/>\n<meta property=\"og:site_name\" content=\"Op. Dr. Esra Ayd\u0131n\" \/>\n<meta property=\"article:modified_time\" content=\"2023-09-28T11:06:16+00:00\" \/>\n<meta name=\"twitter:card\" content=\"summary_large_image\" \/>\n<meta name=\"twitter:label1\" content=\"Est. reading time\" \/>\n\t<meta name=\"twitter:data1\" content=\"1 minute\" \/>\n<script type=\"application\/ld+json\" class=\"yoast-schema-graph\">{\"@context\":\"https:\/\/schema.org\",\"@graph\":[{\"@type\":\"WebPage\",\"@id\":\"https:\/\/www.opdresraaydin.com\/en\/about-me\/\",\"url\":\"https:\/\/www.opdresraaydin.com\/en\/about-me\/\",\"name\":\"About Me - Op. Dr. Esra Ayd\u0131n\",\"isPartOf\":{\"@id\":\"https:\/\/www.opdresraaydin.com\/#website\"},\"datePublished\":\"2019-06-25T11:11:07+00:00\",\"dateModified\":\"2023-09-28T11:06:16+00:00\",\"breadcrumb\":{\"@id\":\"https:\/\/www.opdresraaydin.com\/en\/about-me\/#breadcrumb\"},\"inLanguage\":\"en-US\",\"potentialAction\":[{\"@type\":\"ReadAction\",\"target\":[\"https:\/\/www.opdresraaydin.com\/en\/about-me\/\"]}]},{\"@type\":\"BreadcrumbList\",\"@id\":\"https:\/\/www.opdresraaydin.com\/en\/about-me\/#breadcrumb\",\"itemListElement\":[{\"@type\":\"ListItem\",\"position\":1,\"name\":\"Ana sayfa\",\"item\":\"https:\/\/www.opdresraaydin.com\/en\/\"},{\"@type\":\"ListItem\",\"position\":2,\"name\":\"About Me\"}]},{\"@type\":\"WebSite\",\"@id\":\"https:\/\/www.opdresraaydin.com\/#website\",\"url\":\"https:\/\/www.opdresraaydin.com\/\",\"name\":\"Operat\u00f6r Doktor Ali Ayd\u0131n\",\"description\":\"\",\"publisher\":{\"@id\":\"https:\/\/www.opdresraaydin.com\/#organization\"},\"potentialAction\":[{\"@type\":\"SearchAction\",\"target\":{\"@type\":\"EntryPoint\",\"urlTemplate\":\"https:\/\/www.opdresraaydin.com\/?s={search_term_string}\"},\"query-input\":\"required name=search_term_string\"}],\"inLanguage\":\"en-US\"},{\"@type\":\"Organization\",\"@id\":\"https:\/\/www.opdresraaydin.com\/#organization\",\"name\":\"Op. Dr. Ali AYDIN\",\"url\":\"https:\/\/www.opdresraaydin.com\/\",\"logo\":{\"@type\":\"ImageObject\",\"inLanguage\":\"en-US\",\"@id\":\"https:\/\/www.opdresraaydin.com\/#\/schema\/logo\/image\/\",\"url\":\"https:\/\/www.opdresraaydin.com\/wp-content\/uploads\/2019\/05\/op-dr-logo-1.png\",\"contentUrl\":\"https:\/\/www.opdresraaydin.com\/wp-content\/uploads\/2019\/05\/op-dr-logo-1.png\",\"width\":384,\"height\":100,\"caption\":\"Op. Dr. Ali AYDIN\"},\"image\":{\"@id\":\"https:\/\/www.opdresraaydin.com\/#\/schema\/logo\/image\/\"}}]}<\/script>\n<!-- \/ Yoast SEO plugin. -->","yoast_head_json":{"title":"About Me - Op. Dr. Esra Ayd\u0131n","robots":{"index":"index","follow":"follow","max-snippet":"max-snippet:-1","max-image-preview":"max-image-preview:large","max-video-preview":"max-video-preview:-1"},"canonical":"https:\/\/www.opdresraaydin.com\/en\/about-me\/","og_locale":"en_US","og_type":"article","og_title":"About Me - Op. Dr. Esra Ayd\u0131n","og_description":"Education 1995-2002 Istanbul University Cerrahpa\u015fa Faculty of Medicine 2002-2008 I.U. Cerrahpa\u015fa Faculty of Medicine Ophthalmology Clinic Ophthalmology 2008-2015 Beykoz State Hospital Ophthalmology, Eye and Eyelid Surgery 2017 &#8211; Istanbul Medipol University Mesotherapy Training 2016 &#8211; Eyelid Surgery and Mesotherapy Applications","og_url":"https:\/\/www.opdresraaydin.com\/en\/about-me\/","og_site_name":"Op. Dr. Esra Ayd\u0131n","article_modified_time":"2023-09-28T11:06:16+00:00","twitter_card":"summary_large_image","twitter_misc":{"Est. reading time":"1 minute"},"schema":{"@context":"https:\/\/schema.org","@graph":[{"@type":"WebPage","@id":"https:\/\/www.opdresraaydin.com\/en\/about-me\/","url":"https:\/\/www.opdresraaydin.com\/en\/about-me\/","name":"About Me - Op. Dr. Esra Ayd\u0131n","isPartOf":{"@id":"https:\/\/www.opdresraaydin.com\/#website"},"datePublished":"2019-06-25T11:11:07+00:00","dateModified":"2023-09-28T11:06:16+00:00","breadcrumb":{"@id":"https:\/\/www.opdresraaydin.com\/en\/about-me\/#breadcrumb"},"inLanguage":"en-US","potentialAction":[{"@type":"ReadAction","target":["https:\/\/www.opdresraaydin.com\/en\/about-me\/"]}]},{"@type":"BreadcrumbList","@id":"https:\/\/www.opdresraaydin.com\/en\/about-me\/#breadcrumb","itemListElement":[{"@type":"ListItem","position":1,"name":"Ana sayfa","item":"https:\/\/www.opdresraaydin.com\/en\/"},{"@type":"ListItem","position":2,"name":"About Me"}]},{"@type":"WebSite","@id":"https:\/\/www.opdresraaydin.com\/#website","url":"https:\/\/www.opdresraaydin.com\/","name":"Operat\u00f6r Doktor Ali Ayd\u0131n","description":"","publisher":{"@id":"https:\/\/www.opdresraaydin.com\/#organization"},"potentialAction":[{"@type":"SearchAction","target":{"@type":"EntryPoint","urlTemplate":"https:\/\/www.opdresraaydin.com\/?s={search_term_string}"},"query-input":"required name=search_term_string"}],"inLanguage":"en-US"},{"@type":"Organization","@id":"https:\/\/www.opdresraaydin.com\/#organization","name":"Op. Dr. Ali AYDIN","url":"https:\/\/www.opdresraaydin.com\/","logo":{"@type":"ImageObject","inLanguage":"en-US","@id":"https:\/\/www.opdresraaydin.com\/#\/schema\/logo\/image\/","url":"https:\/\/www.opdresraaydin.com\/wp-content\/uploads\/2019\/05\/op-dr-logo-1.png","contentUrl":"https:\/\/www.opdresraaydin.com\/wp-content\/uploads\/2019\/05\/op-dr-logo-1.png","width":384,"height":100,"caption":"Op. Dr. Ali AYDIN"},"image":{"@id":"https:\/\/www.opdresraaydin.com\/#\/schema\/logo\/image\/"}}]}},"_links":{"self":[{"href":"https:\/\/www.opdresraaydin.com\/en\/wp-json\/wp\/v2\/pages\/4096"}],"collection":[{"href":"https:\/\/www.opdresraaydin.com\/en\/wp-json\/wp\/v2\/pages"}],"about":[{"href":"https:\/\/www.opdresraaydin.com\/en\/wp-json\/wp\/v2\/types\/page"}],"author":[{"embeddable":true,"href":"https:\/\/www.opdresraaydin.com\/en\/wp-json\/wp\/v2\/users\/1"}],"replies":[{"embeddable":true,"href":"https:\/\/www.opdresraaydin.com\/en\/wp-json\/wp\/v2\/comments?post=4096"}],"version-history":[{"count":6,"href":"https:\/\/www.opdresraaydin.com\/en\/wp-json\/wp\/v2\/pages\/4096\/revisions"}],"predecessor-version":[{"id":4566,"href":"https:\/\/www.opdresraaydin.com\/en\/wp-json\/wp\/v2\/pages\/4096\/revisions\/4566"}],"wp:attachment":[{"href":"https:\/\/www.opdresraaydin.com\/en\/wp-json\/wp\/v2\/media?parent=4096"}],"curies":[{"name":"wp","href":"https:\/\/api.w.org\/{rel}","templated":true}]}}